{"id":104,"date":"2017-08-21T18:23:35","date_gmt":"2017-08-21T18:23:35","guid":{"rendered":"http:\/\/www.almamateravila.es\/premios\/?page_id=104"},"modified":"2017-08-21T18:29:32","modified_gmt":"2017-08-21T18:29:32","slug":"fotografias","status":"publish","type":"page","link":"https:\/\/www.almamateravila.es\/premios\/fotografias\/","title":{"rendered":"Fotograf\u00edas"},"content":{"rendered":"[vc_row][vc_column][vc_gallery type=\u00bbimage_grid\u00bb images=\u00bb119,120&#8243; onclick=\u00bbimg_link_large\u00bb title=\u00bbPresentaci\u00f3n de la exposici\u00f3n de Jos\u00e9 Antonio Elvira\u00bb][vc_gallery type=\u00bbimage_grid\u00bb images=\u00bb113,114,115,116,117,118&#8243; onclick=\u00bbimg_link_large\u00bb title=\u00bbMujeres poetas de Piedrah\u00edta\u00bb][vc_gallery type=\u00bbimage_grid\u00bb images=\u00bb111,110,109,108,107&#8243; onclick=\u00bbimg_link_large\u00bb title=\u00bbEntrega premios Alma M\u00e1ter \u00c1vila\u00bb][vc_gallery type=\u00bbimage_grid\u00bb images=\u00bb105,106&#8243; onclick=\u00bbimg_link_large\u00bb title=\u00bbPresentaci\u00f3n \u00abVoces desde Taiw\u00e1n\u00ab\u00bb][\/vc_column][\/vc_row]\n","protected":false},"excerpt":{"rendered":"<p>[vc_row][vc_column][vc_gallery type=\u00bbimage_grid\u00bb images=\u00bb119,120&#8243; onclick=\u00bbimg_link_large\u00bb title=\u00bbPresentaci\u00f3n de la exposici\u00f3n de Jos\u00e9 Antonio Elvira\u00bb][vc_gallery type=\u00bbimage_grid\u00bb images=\u00bb113,114,115,116,117,118&#8243; onclick=\u00bbimg_link_large\u00bb title=\u00bbMujeres poetas de Piedrah\u00edta\u00bb][vc_gallery type=\u00bbimage_grid\u00bb images=\u00bb111,110,109,108,107&#8243; onclick=\u00bbimg_link_large\u00bb title=\u00bbEntrega premios Alma M\u00e1ter \u00c1vila\u00bb][vc_gallery type=\u00bbimage_grid\u00bb images=\u00bb105,106&#8243; onclick=\u00bbimg_link_large\u00bb title=\u00bbPresentaci\u00f3n \u00abVoces desde Taiw\u00e1n\u00ab\u00bb][\/vc_column][\/vc_row]<\/p>\n","protected":false},"author":1,"featured_media":0,"parent":0,"menu_order":4,"comment_status":"closed","ping_status":"closed","template":"page-fullwidth.php","meta":{"footnotes":""},"class_list":["post-104","page","type-page","status-publish","hentry"],"_links":{"self":[{"href":"https:\/\/www.almamateravila.es\/premios\/wp-json\/wp\/v2\/pages\/104","targetHints":{"allow":["GET"]}}],"collection":[{"href":"https:\/\/www.almamateravila.es\/premios\/wp-json\/wp\/v2\/pages"}],"about":[{"href":"https:\/\/www.almamateravila.es\/premios\/wp-json\/wp\/v2\/types\/page"}],"author":[{"embeddable":true,"href":"https:\/\/www.almamateravila.es\/premios\/wp-json\/wp\/v2\/users\/1"}],"replies":[{"embeddable":true,"href":"https:\/\/www.almamateravila.es\/premios\/wp-json\/wp\/v2\/comments?post=104"}],"version-history":[{"count":6,"href":"https:\/\/www.almamateravila.es\/premios\/wp-json\/wp\/v2\/pages\/104\/revisions"}],"predecessor-version":[{"id":126,"href":"https:\/\/www.almamateravila.es\/premios\/wp-json\/wp\/v2\/pages\/104\/revisions\/126"}],"wp:attachment":[{"href":"https:\/\/www.almamateravila.es\/premios\/wp-json\/wp\/v2\/media?parent=104"}],"curies":[{"name":"wp","href":"https:\/\/api.w.org\/{rel}","templated":true}]}}